{"id":1849,"date":"2022-02-28T16:02:25","date_gmt":"2022-02-28T16:02:25","guid":{"rendered":"https:\/\/vrforhealth.com\/?page_id=1849"},"modified":"2022-07-21T18:01:57","modified_gmt":"2022-07-21T17:01:57","slug":"healthymind","status":"publish","type":"page","link":"https:\/\/vrforhealth.com\/fr\/partners\/healthymind\/","title":{"rendered":"Healthy Mind"},"content":{"rendered":"<div id=\"cs-content\" class=\"cs-content\"><\/div>\n","protected":false},"excerpt":{"rendered":"<p>VR Solution Partner &#8211; Healthy Mind Healthy Mind est une entreprise certifi\u00e9e ISO 13485 et sp\u00e9cialis\u00e9e dans le d\u00e9veloppement et la commercialisation de dispositifs m\u00e9dicaux num\u00e9riques innovants. Leur dispositif m\u00e9dical de classe I, Healthy Mind VR, combine les neurosciences, l&rsquo;hypnose m\u00e9dicale et l&rsquo;immersion en r\u00e9alit\u00e9 virtuelle 3D de haute qualit\u00e9 pour r\u00e9duire efficacement la douleur et l&rsquo;anxi\u00e9t\u00e9 des patients et &#8230; <a href=\"https:\/\/vrforhealth.com\/fr\/partners\/healthymind\/\" class=\"more-link\">Read More<\/a><\/p>\n","protected":false},"author":1,"featured_media":0,"parent":505,"menu_order":0,"comment_status":"closed","ping_status":"closed","template":"template-blank-4.php","meta":{"footnotes":""},"class_list":["post-1849","page","type-page","status-publish","hentry","no-post-thumbnail"],"_links":{"self":[{"href":"https:\/\/vrforhealth.com\/fr\/wp-json\/wp\/v2\/pages\/1849","targetHints":{"allow":["GET"]}}],"collection":[{"href":"https:\/\/vrforhealth.com\/fr\/wp-json\/wp\/v2\/pages"}],"about":[{"href":"https:\/\/vrforhealth.com\/fr\/wp-json\/wp\/v2\/types\/page"}],"author":[{"embeddable":true,"href":"https:\/\/vrforhealth.com\/fr\/wp-json\/wp\/v2\/users\/1"}],"replies":[{"embeddable":true,"href":"https:\/\/vrforhealth.com\/fr\/wp-json\/wp\/v2\/comments?post=1849"}],"version-history":[{"count":0,"href":"https:\/\/vrforhealth.com\/fr\/wp-json\/wp\/v2\/pages\/1849\/revisions"}],"up":[{"embeddable":true,"href":"https:\/\/vrforhealth.com\/fr\/wp-json\/wp\/v2\/pages\/505"}],"wp:attachment":[{"href":"https:\/\/vrforhealth.com\/fr\/wp-json\/wp\/v2\/media?parent=1849"}],"curies":[{"name":"wp","href":"https:\/\/api.w.org\/{rel}","templated":true}]}}