{"id":1956,"date":"2022-03-02T16:53:43","date_gmt":"2022-03-02T16:53:43","guid":{"rendered":"https:\/\/vrforhealth.com\/healthcare-professionals-french\/"},"modified":"2024-02-05T14:26:27","modified_gmt":"2024-02-05T14:26:27","slug":"healthcare-professionals-french","status":"publish","type":"page","link":"https:\/\/vrforhealth.com\/fr\/videos-french\/healthcare-professionals-french\/","title":{"rendered":"Healthcare professionals (French)"},"content":{"rendered":"<div id=\"cs-content\" class=\"cs-content\"><\/div>\n","protected":false},"excerpt":{"rendered":"<p>R\u00e9alit\u00e9 virtuelle : Professionnels de sant\u00e9 Les vid\u00e9os suivantes portant sur tous les volets de la r\u00e9alit\u00e9 virtuelle th\u00e9rapeutique ont \u00e9t\u00e9 principalement produites \u00e0 l\u2019attention des professionnels de sant\u00e9. Vous trouverez des vid\u00e9os en langue fran\u00e7aise ainsi qu\u2019en langue anglaise, avec un certain nombre de s\u00e9quences de congr\u00e8s et webinaires. La date du premier affichage et la source sont indiqu\u00e9es. &#8230; <a href=\"https:\/\/vrforhealth.com\/fr\/videos-french\/healthcare-professionals-french\/\" class=\"more-link\">Read More<\/a><\/p>\n","protected":false},"author":1,"featured_media":0,"parent":1977,"menu_order":0,"comment_status":"closed","ping_status":"closed","template":"template-blank-4.php","meta":{"footnotes":""},"class_list":["post-1956","page","type-page","status-publish","hentry","no-post-thumbnail"],"_links":{"self":[{"href":"https:\/\/vrforhealth.com\/fr\/wp-json\/wp\/v2\/pages\/1956","targetHints":{"allow":["GET"]}}],"collection":[{"href":"https:\/\/vrforhealth.com\/fr\/wp-json\/wp\/v2\/pages"}],"about":[{"href":"https:\/\/vrforhealth.com\/fr\/wp-json\/wp\/v2\/types\/page"}],"author":[{"embeddable":true,"href":"https:\/\/vrforhealth.com\/fr\/wp-json\/wp\/v2\/users\/1"}],"replies":[{"embeddable":true,"href":"https:\/\/vrforhealth.com\/fr\/wp-json\/wp\/v2\/comments?post=1956"}],"version-history":[{"count":2,"href":"https:\/\/vrforhealth.com\/fr\/wp-json\/wp\/v2\/pages\/1956\/revisions"}],"predecessor-version":[{"id":3404,"href":"https:\/\/vrforhealth.com\/fr\/wp-json\/wp\/v2\/pages\/1956\/revisions\/3404"}],"up":[{"embeddable":true,"href":"https:\/\/vrforhealth.com\/fr\/wp-json\/wp\/v2\/pages\/1977"}],"wp:attachment":[{"href":"https:\/\/vrforhealth.com\/fr\/wp-json\/wp\/v2\/media?parent=1956"}],"curies":[{"name":"wp","href":"https:\/\/api.w.org\/{rel}","templated":true}]}}