{"id":1965,"date":"2022-03-02T16:55:43","date_gmt":"2022-03-02T16:55:43","guid":{"rendered":"https:\/\/vrforhealth.com\/pain-and-virtual-reality-french\/"},"modified":"2024-02-05T14:27:41","modified_gmt":"2024-02-05T14:27:41","slug":"pain-and-virtual-reality-french","status":"publish","type":"page","link":"https:\/\/vrforhealth.com\/fr\/videos-french\/pain-and-virtual-reality-french\/","title":{"rendered":"Pain and virtual reality (French)"},"content":{"rendered":"<div id=\"cs-content\" class=\"cs-content\"><\/div>\n","protected":false},"excerpt":{"rendered":"<p>R\u00e9alit\u00e9 Virtuelle : Douleur Les vid\u00e9os ci-dessous apportent de l\u2019actualit\u00e9 et information ainsi que des t\u00e9moignages concernant les cas d\u2019usage de la R\u00e9alit\u00e9 Virtuelle th\u00e9rapeutique dans le domaine de la douleur. Il s\u2019agit principalement de douleurs chroniques, mais nous avons inclus \u00e9galement la douleur associ\u00e9e \u00e0 l\u2019accouchement et d\u2019autres situations ponctuelles. Les vid\u00e9os que nous avons retenues apportent une information &#8230; <a href=\"https:\/\/vrforhealth.com\/fr\/videos-french\/pain-and-virtual-reality-french\/\" class=\"more-link\">Read More<\/a><\/p>\n","protected":false},"author":1,"featured_media":0,"parent":1977,"menu_order":0,"comment_status":"closed","ping_status":"closed","template":"template-blank-4.php","meta":{"footnotes":""},"class_list":["post-1965","page","type-page","status-publish","hentry","no-post-thumbnail"],"_links":{"self":[{"href":"https:\/\/vrforhealth.com\/fr\/wp-json\/wp\/v2\/pages\/1965","targetHints":{"allow":["GET"]}}],"collection":[{"href":"https:\/\/vrforhealth.com\/fr\/wp-json\/wp\/v2\/pages"}],"about":[{"href":"https:\/\/vrforhealth.com\/fr\/wp-json\/wp\/v2\/types\/page"}],"author":[{"embeddable":true,"href":"https:\/\/vrforhealth.com\/fr\/wp-json\/wp\/v2\/users\/1"}],"replies":[{"embeddable":true,"href":"https:\/\/vrforhealth.com\/fr\/wp-json\/wp\/v2\/comments?post=1965"}],"version-history":[{"count":2,"href":"https:\/\/vrforhealth.com\/fr\/wp-json\/wp\/v2\/pages\/1965\/revisions"}],"predecessor-version":[{"id":3408,"href":"https:\/\/vrforhealth.com\/fr\/wp-json\/wp\/v2\/pages\/1965\/revisions\/3408"}],"up":[{"embeddable":true,"href":"https:\/\/vrforhealth.com\/fr\/wp-json\/wp\/v2\/pages\/1977"}],"wp:attachment":[{"href":"https:\/\/vrforhealth.com\/fr\/wp-json\/wp\/v2\/media?parent=1965"}],"curies":[{"name":"wp","href":"https:\/\/api.w.org\/{rel}","templated":true}]}}