{"id":1977,"date":"2022-03-02T16:58:07","date_gmt":"2022-03-02T16:58:07","guid":{"rendered":"https:\/\/vrforhealth.com\/videos-french\/"},"modified":"2024-02-05T14:18:03","modified_gmt":"2024-02-05T14:18:03","slug":"videos-french","status":"publish","type":"page","link":"https:\/\/vrforhealth.com\/fr\/videos-french\/","title":{"rendered":"Videos (French)"},"content":{"rendered":"<div id=\"cs-content\" class=\"cs-content\"><\/div>\n","protected":false},"excerpt":{"rendered":"<p>Vid\u00e9os Pour en savoir plus concernant les effets th\u00e9rapeutiques de la RV, consultez notre collection de vid\u00e9os choisies.R\u00e9alit\u00e9 Virtuelle : Anxi\u00e9t\u00e9 et D\u00e9pression Les vid\u00e9os ci-dessous apportent de l\u2019actualit\u00e9 et information ainsi que des t\u00e9moignages concernant les cas d\u2019usage de la R\u00e9alit\u00e9 Virtuelle th\u00e9rapeutique dans le domaine de l\u2019anxi\u00e9t\u00e9, voire de la d\u00e9pression. Les exemples dans l\u2019anxi\u00e9t\u00e9 portent notamment sur &#8230; <a href=\"https:\/\/vrforhealth.com\/fr\/videos-french\/\" class=\"more-link\">Read More<\/a><\/p>\n","protected":false},"author":1,"featured_media":0,"parent":0,"menu_order":0,"comment_status":"closed","ping_status":"closed","template":"template-blank-4.php","meta":{"footnotes":""},"class_list":["post-1977","page","type-page","status-publish","hentry","no-post-thumbnail"],"_links":{"self":[{"href":"https:\/\/vrforhealth.com\/fr\/wp-json\/wp\/v2\/pages\/1977","targetHints":{"allow":["GET"]}}],"collection":[{"href":"https:\/\/vrforhealth.com\/fr\/wp-json\/wp\/v2\/pages"}],"about":[{"href":"https:\/\/vrforhealth.com\/fr\/wp-json\/wp\/v2\/types\/page"}],"author":[{"embeddable":true,"href":"https:\/\/vrforhealth.com\/fr\/wp-json\/wp\/v2\/users\/1"}],"replies":[{"embeddable":true,"href":"https:\/\/vrforhealth.com\/fr\/wp-json\/wp\/v2\/comments?post=1977"}],"version-history":[{"count":2,"href":"https:\/\/vrforhealth.com\/fr\/wp-json\/wp\/v2\/pages\/1977\/revisions"}],"predecessor-version":[{"id":3402,"href":"https:\/\/vrforhealth.com\/fr\/wp-json\/wp\/v2\/pages\/1977\/revisions\/3402"}],"wp:attachment":[{"href":"https:\/\/vrforhealth.com\/fr\/wp-json\/wp\/v2\/media?parent=1977"}],"curies":[{"name":"wp","href":"https:\/\/api.w.org\/{rel}","templated":true}]}}