{"id":2070,"date":"2022-03-24T13:42:45","date_gmt":"2022-03-24T13:42:45","guid":{"rendered":"https:\/\/vrforhealth.com\/?page_id=2070"},"modified":"2022-03-24T14:11:04","modified_gmt":"2022-03-24T14:11:04","slug":"18loop","status":"publish","type":"page","link":"https:\/\/vrforhealth.com\/fr\/partners\/18loop\/","title":{"rendered":"18Loop"},"content":{"rendered":"<div id=\"cs-content\" class=\"cs-content\"><\/div>\n","protected":false},"excerpt":{"rendered":"<p>Institutional Partner &#8211; 18Loop \u00ab A propos de 18Loop \u00bb 18Loop est une association am\u00e9ricaine \u00e0 but non lucratif qui distribue des \u00e9quipements de r\u00e9alit\u00e9 virtuelle afin d\u2019aider des enfants atteints de cancer de mieux tol\u00e9rer leur traitement et de mieux vivre tout court. 18Loop deploys Virtual Reality (VR) technology to help kids with cancer tolerate treatment, recover and thrive. &#8230; <a href=\"https:\/\/vrforhealth.com\/fr\/partners\/18loop\/\" class=\"more-link\">Read More<\/a><\/p>\n","protected":false},"author":1,"featured_media":0,"parent":505,"menu_order":0,"comment_status":"closed","ping_status":"closed","template":"template-blank-4.php","meta":{"footnotes":""},"class_list":["post-2070","page","type-page","status-publish","hentry","no-post-thumbnail"],"_links":{"self":[{"href":"https:\/\/vrforhealth.com\/fr\/wp-json\/wp\/v2\/pages\/2070","targetHints":{"allow":["GET"]}}],"collection":[{"href":"https:\/\/vrforhealth.com\/fr\/wp-json\/wp\/v2\/pages"}],"about":[{"href":"https:\/\/vrforhealth.com\/fr\/wp-json\/wp\/v2\/types\/page"}],"author":[{"embeddable":true,"href":"https:\/\/vrforhealth.com\/fr\/wp-json\/wp\/v2\/users\/1"}],"replies":[{"embeddable":true,"href":"https:\/\/vrforhealth.com\/fr\/wp-json\/wp\/v2\/comments?post=2070"}],"version-history":[{"count":0,"href":"https:\/\/vrforhealth.com\/fr\/wp-json\/wp\/v2\/pages\/2070\/revisions"}],"up":[{"embeddable":true,"href":"https:\/\/vrforhealth.com\/fr\/wp-json\/wp\/v2\/pages\/505"}],"wp:attachment":[{"href":"https:\/\/vrforhealth.com\/fr\/wp-json\/wp\/v2\/media?parent=2070"}],"curies":[{"name":"wp","href":"https:\/\/api.w.org\/{rel}","templated":true}]}}