{"id":505,"date":"2020-03-04T13:44:53","date_gmt":"2020-03-04T13:44:53","guid":{"rendered":"http:\/\/vrforhealth.360scotland.co.uk\/partners\/"},"modified":"2024-04-30T16:08:24","modified_gmt":"2024-04-30T15:08:24","slug":"partners","status":"publish","type":"page","link":"https:\/\/vrforhealth.com\/fr\/partners\/","title":{"rendered":"Partners"},"content":{"rendered":"<div id=\"cs-content\" class=\"cs-content\"><\/div>\n","protected":false},"excerpt":{"rendered":"<p>Partenaires Devenez un partenaire pr\u00e9cieux en continuant \u00e0 faire ce que vous faites le mieux ! Co-construisez votre partenariat VRforHealth avec nous ! Ensemble, acc\u00e9l\u00e9rons l&rsquo;utilisation de la r\u00e9alit\u00e9 virtuelle dans les soins de sant\u00e9. Rejoignez-nous pour partager des histoires th\u00e9rapeutiques en VR avec le monde entier afin de connecter plus de personnes et d&rsquo;organisations \u00e0 de nouvelles ressources pour &#8230; <a href=\"https:\/\/vrforhealth.com\/fr\/partners\/\" class=\"more-link\">Read More<\/a><\/p>\n","protected":false},"author":1,"featured_media":465,"parent":0,"menu_order":0,"comment_status":"closed","ping_status":"closed","template":"template-blank-4.php","meta":{"footnotes":""},"class_list":["post-505","page","type-page","status-publish","has-post-thumbnail","hentry"],"_links":{"self":[{"href":"https:\/\/vrforhealth.com\/fr\/wp-json\/wp\/v2\/pages\/505","targetHints":{"allow":["GET"]}}],"collection":[{"href":"https:\/\/vrforhealth.com\/fr\/wp-json\/wp\/v2\/pages"}],"about":[{"href":"https:\/\/vrforhealth.com\/fr\/wp-json\/wp\/v2\/types\/page"}],"author":[{"embeddable":true,"href":"https:\/\/vrforhealth.com\/fr\/wp-json\/wp\/v2\/users\/1"}],"replies":[{"embeddable":true,"href":"https:\/\/vrforhealth.com\/fr\/wp-json\/wp\/v2\/comments?post=505"}],"version-history":[{"count":10,"href":"https:\/\/vrforhealth.com\/fr\/wp-json\/wp\/v2\/pages\/505\/revisions"}],"predecessor-version":[{"id":3563,"href":"https:\/\/vrforhealth.com\/fr\/wp-json\/wp\/v2\/pages\/505\/revisions\/3563"}],"wp:featuredmedia":[{"embeddable":true,"href":"https:\/\/vrforhealth.com\/fr\/wp-json\/wp\/v2\/media\/465"}],"wp:attachment":[{"href":"https:\/\/vrforhealth.com\/fr\/wp-json\/wp\/v2\/media?parent=505"}],"curies":[{"name":"wp","href":"https:\/\/api.w.org\/{rel}","templated":true}]}}