{"id":520,"date":"2020-03-10T17:53:35","date_gmt":"2020-03-10T17:53:35","guid":{"rendered":"http:\/\/vrforhealth.360scotland.co.uk\/blog\/"},"modified":"2022-03-19T23:32:50","modified_gmt":"2022-03-19T23:32:50","slug":"blog","status":"publish","type":"page","link":"https:\/\/vrforhealth.com\/fr\/blog\/","title":{"rendered":"Blog"},"content":{"rendered":"<div id=\"cs-content\" class=\"cs-content\"><\/div>\n","protected":false},"excerpt":{"rendered":"<p>T\u00e9moignages de patients, professionnels, innovateurs T\u00e9moignages de patients, professionnels, innovateurs La VR en obst\u00e9trique : l\u2019anxi\u00e9t\u00e9 et la douleur &#8211; que nous disent les donn\u00e9es ? Denise Silber La VR en obst\u00e9trique : l\u2019anxi\u00e9t\u00e9 et la douleur &#8211; que nous disent les donn\u00e9es ? Denise Silber #SundayResearchDive \u2013 XR in WHO Digital Health Strategies: Visible in Images, Absent in Text &#8230; <a href=\"https:\/\/vrforhealth.com\/fr\/blog\/\" class=\"more-link\">Read More<\/a><\/p>\n","protected":false},"author":1,"featured_media":0,"parent":0,"menu_order":0,"comment_status":"closed","ping_status":"closed","template":"template-blank-4.php","meta":{"footnotes":""},"class_list":["post-520","page","type-page","status-publish","hentry","no-post-thumbnail"],"_links":{"self":[{"href":"https:\/\/vrforhealth.com\/fr\/wp-json\/wp\/v2\/pages\/520","targetHints":{"allow":["GET"]}}],"collection":[{"href":"https:\/\/vrforhealth.com\/fr\/wp-json\/wp\/v2\/pages"}],"about":[{"href":"https:\/\/vrforhealth.com\/fr\/wp-json\/wp\/v2\/types\/page"}],"author":[{"embeddable":true,"href":"https:\/\/vrforhealth.com\/fr\/wp-json\/wp\/v2\/users\/1"}],"replies":[{"embeddable":true,"href":"https:\/\/vrforhealth.com\/fr\/wp-json\/wp\/v2\/comments?post=520"}],"version-history":[{"count":0,"href":"https:\/\/vrforhealth.com\/fr\/wp-json\/wp\/v2\/pages\/520\/revisions"}],"wp:attachment":[{"href":"https:\/\/vrforhealth.com\/fr\/wp-json\/wp\/v2\/media?parent=520"}],"curies":[{"name":"wp","href":"https:\/\/api.w.org\/{rel}","templated":true}]}}